{"id":42,"date":"2016-04-11T20:42:52","date_gmt":"2016-04-11T20:42:52","guid":{"rendered":"http:\/\/voicecappella.de\/?page_id=42"},"modified":"2018-03-13T14:47:41","modified_gmt":"2018-03-13T14:47:41","slug":"bilder","status":"publish","type":"page","link":"http:\/\/voicecappella.de\/?page_id=42","title":{"rendered":"Bilder"},"content":{"rendered":"<p><a href=\"http:\/\/voicecappella.de\/?page_id=1050\">Friedenskapelle, M\u00fcnster 2018<\/a><\/p>\n<p><a href=\"http:\/\/voicecappella.de\/?page_id=764\">Theater am Wall, Warendorf 2017<\/a><\/p>\n<p><a href=\"http:\/\/voicecappella.de\/?page_id=565\">Ballenlager, Greven 2016<\/a><\/p>\n<p><a href=\"http:\/\/voicecappella.de\/?page_id=44\">Cultura, Rietberg 2015<\/a><\/p>\n<p><a href=\"http:\/\/voicecappella.de\/?page_id=75\">Montagsmelange in der Cultura, Rietberg 2015<\/a><\/p>\n<p><a href=\"http:\/\/voicecappella.de\/?page_id=163\">Friedenskapelle, M\u00fcnster 2014<\/a><\/p>\n<p><a href=\"http:\/\/voicecappella.de\/?page_id=407\">Stadttheater, Beckum 2014<\/a><\/p>\n<p><a href=\"http:\/\/voicecappella.de\/?page_id=202\">Chortreffen, Ibbenb\u00fchren 2013<\/a><\/p>\n<p><a href=\"http:\/\/voicecappella.de\/?page_id=443\">Theater am Wall, Warendorf 2013<\/a><\/p>\n<p><a href=\"http:\/\/voicecappella.de\/?page_id=404\">Realschule, Oelde 2013<\/a><\/p>\n<p><a href=\"http:\/\/voicecappella.de\/?page_id=383\">Friedenskapelle, M\u00fcnster 2012<\/a><\/p>\n<p><a href=\"http:\/\/voicecappella.de\/?page_id=364\">Lohnhalle der Zeche Westfalen, Ahlen 2012<\/a><\/p>\n","protected":false},"excerpt":{"rendered":"<p>Friedenskapelle, M\u00fcnster 2018 Theater am Wall, Warendorf 2017 Ballenlager, Greven 2016 Cultura, Rietberg 2015 Montagsmelange in der Cultura, Rietberg 2015 Friedenskapelle, M\u00fcnster 2014 Stadttheater, Beckum 2014 Chortreffen, Ibbenb\u00fchren 2013 Theater am Wall, Warendorf 2013 Realschule, Oelde 2013 Friedenskapelle, M\u00fcnster 2012 Lohnhalle der Zeche Westfalen, Ahlen 2012<\/p>\n","protected":false},"author":1,"featured_media":0,"parent":0,"menu_order":4,"comment_status":"closed","ping_status":"closed","template":"","meta":[],"_links":{"self":[{"href":"http:\/\/voicecappella.de\/index.php?rest_route=\/wp\/v2\/pages\/42"}],"collection":[{"href":"http:\/\/voicecappella.de\/index.php?rest_route=\/wp\/v2\/pages"}],"about":[{"href":"http:\/\/voicecappella.de\/index.php?rest_route=\/wp\/v2\/types\/page"}],"author":[{"embeddable":true,"href":"http:\/\/voicecappella.de\/index.php?rest_route=\/wp\/v2\/users\/1"}],"replies":[{"embeddable":true,"href":"http:\/\/voicecappella.de\/index.php?rest_route=%2Fwp%2Fv2%2Fcomments&post=42"}],"version-history":[{"count":9,"href":"http:\/\/voicecappella.de\/index.php?rest_route=\/wp\/v2\/pages\/42\/revisions"}],"predecessor-version":[{"id":1052,"href":"http:\/\/voicecappella.de\/index.php?rest_route=\/wp\/v2\/pages\/42\/revisions\/1052"}],"wp:attachment":[{"href":"http:\/\/voicecappella.de\/index.php?rest_route=%2Fwp%2Fv2%2Fmedia&parent=42"}],"curies":[{"name":"wp","href":"https:\/\/api.w.org\/{rel}","templated":true}]}}