{"id":21,"date":"2016-04-11T20:30:22","date_gmt":"2016-04-11T20:30:22","guid":{"rendered":"http:\/\/voicecappella.de\/?page_id=21"},"modified":"2019-01-27T00:25:48","modified_gmt":"2019-01-27T00:25:48","slug":"unsere-songs-und-was-andere-ueber-uns-zwitschern","status":"publish","type":"page","link":"http:\/\/voicecappella.de\/?page_id=21","title":{"rendered":"Chor"},"content":{"rendered":"<blockquote><p>&nbsp;<\/p><\/blockquote>\n<h1 align=\"left\"><em>Unsere Songs &#8211;<\/em><\/h1>\n<blockquote>\n<h1><em>und was andere \u00fcber uns &#8222;zwitschern&#8220;<\/em><\/h1>\n<\/blockquote>\n<p>&nbsp;<\/p>\n<p>&nbsp;<\/p>\n<p>Herbert Gr\u00f6nemeyer, Eric Clapton, die Simple Minds oder U2. Die \u00c4rzte, Rammstein, Coldplay, Empire of the Sun, Bon Jovi, Toto, Depeche Mode, Ray Charles, Musical-Melodien und Gospel-Songs: VoiceCappella aus Warendorf bietet ein buntes, anspruchsvolles Repertoire popul\u00e4rer Musik. Das zurzeit 32-k\u00f6pfige Ensemble \u2013 zwanzig Frauen und zw\u00f6lf M\u00e4nner \u2013 steht seit 2007 unter der Leitung von Thomas Michaelis, S\u00e4nger der 6-Zylinder aus M\u00fcnster.<\/p>\n<p>Zum VoiceCappella-Profil geh\u00f6rt es, das Repertoire lebendig darzustellen, die musikalische Intensit\u00e4t, die Emotionen in den Songs in Mimik, Gestik und Bewegungen deutlich werden zu lassen. Konzerte in Ahlen, Beckum, Warendorf, Oelde, M\u00fcnster und Telgte vor jeweils nahezu ausverkauften H\u00e4usern bildeten die bisherigen H\u00f6hepunkte des im Mai 1999 gegr\u00fcndeten Chores. Kritiker waren begeistert: Von \u201esympathischem Auftritt\u201c und \u201ebezaubernden Stimmqualit\u00e4ten\u201c war die Rede. Davon, dass der Chor \u201eein regelrechtes Feuerwerk der guten Laune\u201c abgebrannt und \u201eA-Cappella-Gesang vom Feinsten\u201c pr\u00e4sentiert habe.<\/p>\n","protected":false},"excerpt":{"rendered":"<p>&nbsp; Unsere Songs &#8211; und was andere \u00fcber uns &#8222;zwitschern&#8220; &nbsp; &nbsp; Herbert Gr\u00f6nemeyer, Eric Clapton, die Simple Minds oder U2. Die \u00c4rzte, Rammstein, Coldplay, Empire of the Sun, Bon Jovi, Toto, Depeche Mode, Ray Charles, Musical-Melodien und Gospel-Songs: VoiceCappella aus Warendorf bietet ein buntes, anspruchsvolles Repertoire popul\u00e4rer Musik. Das zurzeit 32-k\u00f6pfige Ensemble \u2013 zwanzig [&hellip;]<\/p>\n","protected":false},"author":1,"featured_media":0,"parent":0,"menu_order":2,"comment_status":"closed","ping_status":"closed","template":"","meta":[],"_links":{"self":[{"href":"http:\/\/voicecappella.de\/index.php?rest_route=\/wp\/v2\/pages\/21"}],"collection":[{"href":"http:\/\/voicecappella.de\/index.php?rest_route=\/wp\/v2\/pages"}],"about":[{"href":"http:\/\/voicecappella.de\/index.php?rest_route=\/wp\/v2\/types\/page"}],"author":[{"embeddable":true,"href":"http:\/\/voicecappella.de\/index.php?rest_route=\/wp\/v2\/users\/1"}],"replies":[{"embeddable":true,"href":"http:\/\/voicecappella.de\/index.php?rest_route=%2Fwp%2Fv2%2Fcomments&post=21"}],"version-history":[{"count":3,"href":"http:\/\/voicecappella.de\/index.php?rest_route=\/wp\/v2\/pages\/21\/revisions"}],"predecessor-version":[{"id":24,"href":"http:\/\/voicecappella.de\/index.php?rest_route=\/wp\/v2\/pages\/21\/revisions\/24"}],"wp:attachment":[{"href":"http:\/\/voicecappella.de\/index.php?rest_route=%2Fwp%2Fv2%2Fmedia&parent=21"}],"curies":[{"name":"wp","href":"https:\/\/api.w.org\/{rel}","templated":true}]}}